{"id":908,"date":"2021-03-19T15:21:25","date_gmt":"2021-03-19T15:21:25","guid":{"rendered":"https:\/\/urbanwavesrecords.com\/secure\/?post_type=product&#038;p=908"},"modified":"2021-03-29T12:50:25","modified_gmt":"2021-03-29T12:50:25","slug":"land-fly-ep-the-tape-extras","status":"publish","type":"product","link":"https:\/\/urbanwavesrecords.com\/secure\/product\/land-fly-ep-the-tape-extras\/","title":{"rendered":"Land Fly EP &#8211; The Tape Extras"},"content":{"rendered":"<p>We thought you might enjoy this, these are the last tracks of the Land Fly EP project that were only available on the cassette tape up till now. After 6 months of exclusivity we wanted to share these with everyone else. Show that we still love you all.<\/p>\n<p>All tracks produced and mastered by Shatter Hands in december 2012, except Intro (\u0162\u1ee4\u1eaeM\u00cc\u00c8 Bootleg Remix) which is produced by \u0162\u1ee4\u1eaeM\u00cc\u00c8.<\/p>\n<p>Covercollage by Claes Otto Jennow (Collage Stories)<br \/>\nCoverlayout by Jacob Birch (It&#8217;s All Good)<\/p>\n<p>Thanks and shouts to:<br \/>\nJacob, Claes, Tuamie, Den Sorte Skole, CDR, SoundEscape, Centeret, Greased Up family, Urban Waves and those who bought the tape. I appreciate you all!<\/p>\n","protected":false},"excerpt":{"rendered":"<p><a href=\"https:\/\/urbanwavesrecords.com\/secure\/singlespeed\/\">Singlespeed<\/a><\/p>\n<p><a href=\"https:\/\/urbanwavesrecords.com\/secure\/duran-durans-leadsinger\/\">Duran Duran&#8217;s Leadsinger<\/a><\/p>\n<p><a href=\"https:\/\/urbanwavesrecords.com\/secure\/antidote-potions\/\">Antidote Potions<\/a><\/p>\n<p><a href=\"https:\/\/urbanwavesrecords.com\/secure\/bonus-intro-tuamies-bootleg-remix\/\">(bonus) Intro (\u0162\u1ee4\u1eaeM\u00cc\u00c8&#8217;s Bootleg Remix)<\/a><\/p>\n","protected":false},"featured_media":913,"template":"","meta":[],"featured_media_src_url":"https:\/\/urbanwavesrecords.com\/secure\/wp-content\/uploads\/2021\/03\/Shatter-Hands-Land-Fly-EP-The-Tape-Extras-01-Singlespeed-mp3-image.jpg","_links":{"self":[{"href":"https:\/\/urbanwavesrecords.com\/secure\/wp-json\/wp\/v2\/product\/908"}],"collection":[{"href":"https:\/\/urbanwavesrecords.com\/secure\/wp-json\/wp\/v2\/product"}],"about":[{"href":"https:\/\/urbanwavesrecords.com\/secure\/wp-json\/wp\/v2\/types\/product"}],"wp:featuredmedia":[{"embeddable":true,"href":"https:\/\/urbanwavesrecords.com\/secure\/wp-json\/wp\/v2\/media\/913"}],"wp:attachment":[{"href":"https:\/\/urbanwavesrecords.com\/secure\/wp-json\/wp\/v2\/media?parent=908"}],"curies":[{"name":"wp","href":"https:\/\/api.w.org\/{rel}","templated":true}]}}