{"id":728,"date":"2021-03-19T13:41:31","date_gmt":"2021-03-19T13:41:31","guid":{"rendered":"https:\/\/urbanwavesrecords.com\/secure\/?post_type=product&#038;p=728"},"modified":"2021-04-13T14:32:08","modified_gmt":"2021-04-13T14:32:08","slug":"funklifesavers","status":"publish","type":"product","link":"https:\/\/urbanwavesrecords.com\/secure\/product\/funklifesavers\/","title":{"rendered":"Funklifesavers"},"content":{"rendered":"<p>Der Funkbademeister und Count Lazy pr\u00e4sentieren ihr Deb\u00fct-Tape &#8220;FUNKLIFESAVERS&#8221; zusammen mit Radio Juicy. Der Name des Projektes ist Programm, die beiden Schweizer Beatschrauber, die Teil des gleichnamigen Funklifesavers-Kollektiv sind, liefern euch 40 Minuten feinste Beats f\u00fcr den Sommer.<\/p>\n<p>Funkbademeister &#038; Count Lazy present their debut tape &#8220;FUNKLIFESAVERS&#8221; with the complicity of Radio Juicy. The title reflects its content, the two Swiss beatmakers of the collective called Funklifesavers provides you 40 minutes filled with their finest beats for the summer.<\/p>\n<p>Shoutouts gehen raus an:<br \/>\nJanis und Tim von Radio Juicy (auch danke f\u00fcr eure Geduld); Florian \u201eAmsi\u201c Amsler (f\u00fcr das dope Cover); Rahel (f\u00fcr die Sticker und den ganzen Kram); Elia; Ogu; Hansi; Jeff; Mama und Papa; Puetz Money f\u00fcr das Interview-Skit; alle, die wir hier vergessen haben und denken, sie haben einen Shoutout verdient&#8230;<\/p>\n<p>www.facebook.com\/funklifesavers.sh.ch<br \/>\nwww.soundcloud.com\/funkbademeister<br \/>\nwww.soundcloud.com\/countlazy<\/p>\n<p>music by Funkbademeister &#038; Count Lazy<br \/>\nA2, A4, A6, A8, A10, A12, B2, B4, B7, B9 by Funkbademeister<br \/>\nA3, A5, A7, A9, A11, B1, B3, B5, B8, B10 by CountLazy<br \/>\ncuts by Funkbademeister<br \/>\nartwork by Florian Amsler<br \/>\nlayout by Alex Brade<br \/>\ncassette tape &#8220;hand&#8221; made at Urban Waves<br \/>\npublished &#038; distributed by Urban Waves Records<\/p>\n","protected":false},"excerpt":{"rendered":"<p><a href=\"https:\/\/urbanwavesrecords.com\/secure\/outro-3\/\">Outro<\/a><\/p>\n<p><a href=\"https:\/\/urbanwavesrecords.com\/secure\/part-two\/\">Part Two<\/a><\/p>\n<p><a href=\"https:\/\/urbanwavesrecords.com\/secure\/snare-wear\/\">Snare Wear<\/a><\/p>\n<p><a href=\"https:\/\/urbanwavesrecords.com\/secure\/schelle\/\">Schelle<\/a><\/p>\n<p><a href=\"https:\/\/urbanwavesrecords.com\/secure\/dictate-the-technique\/\">Dictate The Technique<\/a><\/p>\n<p><a href=\"https:\/\/urbanwavesrecords.com\/secure\/funky-junky-interlude\/\">Funky Junky (Interlude)<\/a><\/p>\n<p><a href=\"https:\/\/urbanwavesrecords.com\/secure\/rede-nicht\/\">Rede Nicht<\/a><\/p>\n<p><a href=\"https:\/\/urbanwavesrecords.com\/secure\/slick-rhythm\/\">Slick Rhythm<\/a><\/p>\n<p><a href=\"https:\/\/urbanwavesrecords.com\/secure\/lazy\/\">Lazy<\/a><\/p>\n<p><a href=\"https:\/\/urbanwavesrecords.com\/secure\/zweiheitsbrei\/\">Zweiheitsbrei<\/a><\/p>\n<p><a href=\"https:\/\/urbanwavesrecords.com\/secure\/drive\/\">Drive<\/a><\/p>\n<p><a href=\"https:\/\/urbanwavesrecords.com\/secure\/outro-side-1\/\">Outro Side 1<\/a><\/p>\n<p><a href=\"https:\/\/urbanwavesrecords.com\/secure\/ereto\/\">Ereto<\/a><\/p>\n<p><a href=\"https:\/\/urbanwavesrecords.com\/secure\/gassenlokal\/\">Gassenlokal<\/a><\/p>\n<p><a href=\"https:\/\/urbanwavesrecords.com\/secure\/zappenduster\/\">Zappenduster<\/a><\/p>\n<p><a href=\"https:\/\/urbanwavesrecords.com\/secure\/in-a-pleasant-mood\/\">In A Pleasant Mood<\/a><\/p>\n<p><a href=\"https:\/\/urbanwavesrecords.com\/secure\/firlefanz\/\">Firlefanz<\/a><\/p>\n<p><a href=\"https:\/\/urbanwavesrecords.com\/secure\/pretty-ones\/\">Pretty Ones<\/a><\/p>\n<p><a href=\"https:\/\/urbanwavesrecords.com\/secure\/interludium\/\">Interludium<\/a><\/p>\n<p><a href=\"https:\/\/urbanwavesrecords.com\/secure\/closer-2\/\">Closer<\/a><\/p>\n<p><a href=\"https:\/\/urbanwavesrecords.com\/secure\/haltungsnote\/\">Haltungsnote<\/a><\/p>\n<p><a href=\"https:\/\/urbanwavesrecords.com\/secure\/like-dis\/\">Like Dis<\/a><\/p>\n<p><a href=\"https:\/\/urbanwavesrecords.com\/secure\/wechselbad\/\">Wechselbad<\/a><\/p>\n<p><a href=\"https:\/\/urbanwavesrecords.com\/secure\/intro-4\/\">Intro<\/a><\/p>\n","protected":false},"featured_media":730,"template":"","meta":[],"featured_media_src_url":"https:\/\/urbanwavesrecords.com\/secure\/wp-content\/uploads\/2021\/03\/Count-Lazy-Funkbademeister-Funklifesavers-01-Intro-mp3-image.jpg","_links":{"self":[{"href":"https:\/\/urbanwavesrecords.com\/secure\/wp-json\/wp\/v2\/product\/728"}],"collection":[{"href":"https:\/\/urbanwavesrecords.com\/secure\/wp-json\/wp\/v2\/product"}],"about":[{"href":"https:\/\/urbanwavesrecords.com\/secure\/wp-json\/wp\/v2\/types\/product"}],"wp:featuredmedia":[{"embeddable":true,"href":"https:\/\/urbanwavesrecords.com\/secure\/wp-json\/wp\/v2\/media\/730"}],"wp:attachment":[{"href":"https:\/\/urbanwavesrecords.com\/secure\/wp-json\/wp\/v2\/media?parent=728"}],"curies":[{"name":"wp","href":"https:\/\/api.w.org\/{rel}","templated":true}]}}