{"id":3929,"date":"2021-03-25T13:54:15","date_gmt":"2021-03-25T13:54:15","guid":{"rendered":"https:\/\/urbanwavesrecords.com\/secure\/?post_type=product&#038;p=3929"},"modified":"2021-04-13T13:24:54","modified_gmt":"2021-04-13T13:24:54","slug":"archipelago","status":"publish","type":"product","link":"https:\/\/urbanwavesrecords.com\/secure\/product\/archipelago\/","title":{"rendered":"Archipelago"},"content":{"rendered":"<p>Archipelago is a tale depicting a poetic journey into a sombre universe. Eerie and intriguing, the music captures our attention for its duration and leaves us wanting more. Mixing classical with modern electronic production, the musicians take us on a cinematographic adventure where your imagination will flow freely. Close your eyes and let the music do its thing.<\/p>\n<p>Jesse Koolhaas was joined by the brilliant violinist and composer Myrthe van de Weetering to create this beautiful album. They are accompanied by H\u00e9ctor Herv\u00e1s Veredas playing the Cello on all tracks and Bj\u00f8rn Waling on drums for Mental Travelogue.<\/p>\n<p>All tracks composed and produced by Myrthe van de Weetering and Jesse Koolhaas<br \/>\nMyrthe van de Weetering plays Violin on all tracks<br \/>\nH\u00e9ctor Herv\u00e1s Veredas plays Cello on all tracks<br \/>\nBj\u00f8rn Waling plays drums on Mental Travelogue<br \/>\nArtwork by Ivan Merlin<br \/>\nMastering by sterilOne at STAUB<br \/>\nPublished by Urban Waves<\/p>\n","protected":false},"excerpt":{"rendered":"<p><a href=\"https:\/\/urbanwavesrecords.com\/secure\/mental-travelogue\/\">Mental Travelogue<\/a><\/p>\n<p><a href=\"https:\/\/urbanwavesrecords.com\/secure\/rite-de-passage\/\">Rite de Passage<\/a><\/p>\n<p><a href=\"https:\/\/urbanwavesrecords.com\/secure\/wandervogel\/\">Wandervogel<\/a><\/p>\n<p><a href=\"https:\/\/urbanwavesrecords.com\/secure\/archipelago\/\">Archipelago<\/a><\/p>\n","protected":false},"featured_media":2814,"template":"","meta":[],"featured_media_src_url":"https:\/\/urbanwavesrecords.com\/secure\/wp-content\/uploads\/2021\/03\/Jesse-Koolhaas-Myrthe-van-de-Weetering-Archipelago-01-Mental-Travelogue-mp3-image.jpg","_links":{"self":[{"href":"https:\/\/urbanwavesrecords.com\/secure\/wp-json\/wp\/v2\/product\/3929"}],"collection":[{"href":"https:\/\/urbanwavesrecords.com\/secure\/wp-json\/wp\/v2\/product"}],"about":[{"href":"https:\/\/urbanwavesrecords.com\/secure\/wp-json\/wp\/v2\/types\/product"}],"wp:featuredmedia":[{"embeddable":true,"href":"https:\/\/urbanwavesrecords.com\/secure\/wp-json\/wp\/v2\/media\/2814"}],"wp:attachment":[{"href":"https:\/\/urbanwavesrecords.com\/secure\/wp-json\/wp\/v2\/media?parent=3929"}],"curies":[{"name":"wp","href":"https:\/\/api.w.org\/{rel}","templated":true}]}}