{"id":1261,"date":"2021-03-22T12:07:03","date_gmt":"2021-03-22T12:07:03","guid":{"rendered":"https:\/\/urbanwavesrecords.com\/secure\/?post_type=product&#038;p=1261"},"modified":"2021-04-13T14:24:01","modified_gmt":"2021-04-13T14:24:01","slug":"tin-wooki-2lp-version","status":"publish","type":"product","link":"https:\/\/urbanwavesrecords.com\/secure\/product\/tin-wooki-2lp-version\/","title":{"rendered":"Tin Wooki (2LP version)"},"content":{"rendered":"<p>Here&#8217;s a long awaited vinyl issue of the dominant &#8220;Tin Wooki&#8221; LP released last March by Chester Watson. The young 17 years old rapper, producer from Georgia shows great skill and intelligence which distinguish him from the masses. Some may even say he redefined how boombap and rap should sound today.<\/p>\n<p>Tin Wooki is not only a piece of music, it\u2019s also an adventure with rap-features by Comme, K. Raydio, Chuuwee, Gabe \u2018Nandez, Breezo, Pachino and Dr. Londes<\/p>\n<p>\u201cTin Wooki isn\u2019t an album, it\u2019s an arrival.\u201d- Passion Weiss<\/p>\n","protected":false},"excerpt":{"rendered":"<p><a href=\"https:\/\/urbanwavesrecords.com\/secure\/yetti-prod-damacha\/\">Yetti [Prod. Damacha]<\/a><\/p>\n<p><a href=\"https:\/\/urbanwavesrecords.com\/secure\/picbascassquiato-prod-psymun\/\">Picbascassquiato [Prod. Psymun]<\/a><\/p>\n<p><a href=\"https:\/\/urbanwavesrecords.com\/secure\/chinamen-ft-comme-prod-psymun\/\">Chinamen ft. Comme [Prod. Psymun]<\/a><\/p>\n<p><a href=\"https:\/\/urbanwavesrecords.com\/secure\/ded-hills-prod-watsono\/\">Ded Hills [Prod. Watsono]<\/a><\/p>\n<p><a href=\"https:\/\/urbanwavesrecords.com\/secure\/film-noir-prod-ace\/\">Film Noir [Prod. Ace]<\/a><\/p>\n<p><a href=\"https:\/\/urbanwavesrecords.com\/secure\/sir-metal-wig-prod-caleb-crowe\/\">Sir Metal Wig [Prod. Caleb Crowe]<\/a><\/p>\n<p><a href=\"https:\/\/urbanwavesrecords.com\/secure\/camels-and-cranes-prod-art-vandelay\/\">Camels and Cranes [Prod. Art Vandelay]<\/a><\/p>\n<p><a href=\"https:\/\/urbanwavesrecords.com\/secure\/the-witches-curse-instrumental-prod-chester-watson\/\">The Witches Curse (Instrumental) [Prod. Chester Watson]<\/a><\/p>\n<p><a href=\"https:\/\/urbanwavesrecords.com\/secure\/sycamore-ft-k-raydio-prod-chester-watson\/\">Sycamore ft. K.Raydio [Prod. Chester Watson]<\/a><\/p>\n<p><a href=\"https:\/\/urbanwavesrecords.com\/secure\/bog-me-cuva-ft-gun-yaprak-prod-gun-yaprak\/\">Bog Me \u010cuva ft. G\u00fcn Yaprak [Prod. G\u00fcn Yaprak]<\/a><\/p>\n<p><a href=\"https:\/\/urbanwavesrecords.com\/secure\/sweets-prod-psymun\/\">Sweets [Prod. Psymun]<\/a><\/p>\n<p><a href=\"https:\/\/urbanwavesrecords.com\/secure\/will-darkness-prod-joseph-the-stranger\/\">Will Darkness [Prod. Joseph the Stranger]<\/a><\/p>\n<p><a href=\"https:\/\/urbanwavesrecords.com\/secure\/mute-siren-instrumental-prod-chester-watson\/\">Mute Siren (Instrumental) [Prod. Chester Watson]<\/a><\/p>\n<p><a href=\"https:\/\/urbanwavesrecords.com\/secure\/lair-ft-chuuwee-prod-chester-watson\/\">Lair ft. Chuuwee [Prod. Chester Watson]<\/a><\/p>\n<p><a href=\"https:\/\/urbanwavesrecords.com\/secure\/casanegra-ft-gabe-nandez-prod-chester-watson\/\">Casanegra ft. Gabe Nandez [Prod. Chester Watson]<\/a><\/p>\n<p><a href=\"https:\/\/urbanwavesrecords.com\/secure\/villin-ft-lumi-prod-chester-watson\/\">Villin ft. Lumi [Prod. Chester Watson]<\/a><\/p>\n<p><a href=\"https:\/\/urbanwavesrecords.com\/secure\/mammoth-ft-breeze-pachino-prod-chester-watson\/\">Mammoth ft. Breeze Pachino [Prod. Chester Watson]<\/a><\/p>\n<p><a href=\"https:\/\/urbanwavesrecords.com\/secure\/creed-prod-dave-sparks-and-camillo-fritanga\/\">Creed [Prod. Dave Sparks and Camillo Fritanga]<\/a><\/p>\n<p><a href=\"https:\/\/urbanwavesrecords.com\/secure\/smoke-veteran-prod-lumi-x-chester\/\">Smoke Veteran [Prod. Lumi x Chester]<\/a><\/p>\n","protected":false},"featured_media":1264,"template":"","meta":[],"featured_media_src_url":"https:\/\/urbanwavesrecords.com\/secure\/wp-content\/uploads\/2021\/03\/Chester-Watson-Tin-Wooki-2LP-version-01-Yetti-Prod-Damacha-mp3-image.jpg","_links":{"self":[{"href":"https:\/\/urbanwavesrecords.com\/secure\/wp-json\/wp\/v2\/product\/1261"}],"collection":[{"href":"https:\/\/urbanwavesrecords.com\/secure\/wp-json\/wp\/v2\/product"}],"about":[{"href":"https:\/\/urbanwavesrecords.com\/secure\/wp-json\/wp\/v2\/types\/product"}],"wp:featuredmedia":[{"embeddable":true,"href":"https:\/\/urbanwavesrecords.com\/secure\/wp-json\/wp\/v2\/media\/1264"}],"wp:attachment":[{"href":"https:\/\/urbanwavesrecords.com\/secure\/wp-json\/wp\/v2\/media?parent=1261"}],"curies":[{"name":"wp","href":"https:\/\/api.w.org\/{rel}","templated":true}]}}